{"id":20636,"date":"2022-08-08T13:45:22","date_gmt":"2022-08-08T11:45:22","guid":{"rendered":"https:\/\/www.drfg.cz\/eticky-kodex\/"},"modified":"2024-06-25T11:09:29","modified_gmt":"2024-06-25T09:09:29","slug":"eticky-kodex","status":"publish","type":"page","link":"https:\/\/www.drfg.cz\/sk\/eticky-kodex\/","title":{"rendered":"Etick\u00fd k\u00f3dex"},"content":{"rendered":"\n<h2 class=\"wp-block-heading\">\u00davod a\u00a0obsah<\/h2>\n\n\n\n<div style=\"height:32px\" aria-hidden=\"true\" class=\"wp-block-spacer\"><\/div>\n\n\n\n<p>DRFG Investment Group, a. s., podobne ako mnoh\u00e9 in\u00e9 organiz\u00e1cie, stoj\u00ed v&nbsp;centre spolo\u010dnosti a&nbsp;je jej pevnou s\u00fa\u010das\u0165ou. Dodr\u017eiavanie etick\u00fdch pravidiel podporuje na\u0161u zna\u010dku a&nbsp;vytv\u00e1ra jasn\u00e9 prostredie, v&nbsp;ktorom chceme pracova\u0165.<\/p>\n\n\n\n<p>DRFG Investment Group, a. s. (\u010falej len \u201espolo\u010dnos\u0165\u201c), jasne stanovuje z\u00e1sady a&nbsp;pravidl\u00e1 etick\u00e9ho konania zamestnancov, \u010di&nbsp;u\u017e navonok vo\u010di organiz\u00e1cii alebo vo\u010di sebe navz\u00e1jom. Zakotvujeme d\u00f4le\u017eit\u00e9 z\u00e1sady profesion\u00e1lneho postupu, posil\u0148ujeme profesion\u00e1lnu identitu a&nbsp;zodpovednos\u0165 zamestnancov a&nbsp;stanovujeme \u0161tandardy, ktor\u00e9 sa pou\u017e\u00edvaj\u00fa na&nbsp;hodnotenie jednotlivcov.<\/p>\n\n\n\n<p>Etick\u00fdm k\u00f3dexom zh\u0155\u0148ame hlavn\u00e9 pravidl\u00e1 \u010di&nbsp;princ\u00edpy konania, ktor\u00fdm ver\u00edme a&nbsp;ktor\u00fdch dodr\u017eiavanie od dotknut\u00fdch str\u00e1n vy\u017eadujeme. Tento dokument upravuje v\u0161eobecn\u00e9 aj konkr\u00e9tne pravidl\u00e1 pr\u00e1ce v&nbsp;Spolo\u010dnosti a&nbsp;ich dc\u00e9rskych spolo\u010dnostiach. Etick\u00fd k\u00f3dex je z\u00e1v\u00e4zn\u00fd pre v\u0161etk\u00fdch zamestnancov. Jeho dodr\u017eiavanie presadzujeme vo vz\u0165ahoch s&nbsp;obchodn\u00fdmi partnermi.<\/p>\n\n\n\n<div style=\"height:32px\" aria-hidden=\"true\" class=\"wp-block-spacer\"><\/div>\n\n\n\n<h3 class=\"wp-block-heading\">Obsah<\/h3>\n\n\n\n<div style=\"height:32px\" aria-hidden=\"true\" class=\"wp-block-spacer\"><\/div>\n\n\n\n<p><strong>1. DRFG Investment Group a.s. a&nbsp;riadenie \u013eudsk\u00fdch zdrojov, person\u00e1lna politika skupiny<\/strong><\/p>\n\n\n\n<p>1.\u00a01. Firemn\u00fd \u010das, majetok a&nbsp;zariadenie<br>1.\u00a02. Protikorup\u010dn\u00e9 opatrenia<br>1.\u00a03. Pon\u00fakanie a&nbsp;prij\u00edmanie darov<br>1.\u00a04. Vystupovanie zamestnancov mimo pracoviska a&nbsp;pracovn\u00e9ho \u010dasu<br>1.\u00a05. Konflikt z\u00e1ujmov a&nbsp;konkurencie<br>1.\u00a06. Ochrana osobn\u00fdch \u00fadajov a&nbsp;d\u00f4vern\u00fdch inform\u00e1ci\u00ed<br>1.\u00a07. Profesionalita<\/p>\n\n\n\n<div style=\"height:32px\" aria-hidden=\"true\" class=\"wp-block-spacer\"><\/div>\n\n\n\n<p><strong>2. DRFG Investment Group a.s. vo vz\u0165ahu k&nbsp;in\u00fdm subjektom<\/strong><\/p>\n\n\n\n<p>2.\u00a01. Finan\u010dn\u00e1 evidencia<br>2.\u00a02. Z\u00e1kazn\u00edci<br>2.\u00a03. Akcion\u00e1ri<br>2.\u00a04. Obchodn\u00ed partneri<br>2.\u00a05. Konkurencia<br>2.\u00a06. Oznamovacia povinnos\u0165<\/p>\n\n\n\n<div style=\"height:32px\" aria-hidden=\"true\" class=\"wp-block-spacer\"><\/div>\n\n\n\n<p><strong>3. Z\u00e1v\u011bre\u010dn\u00e9 ustanovenia<\/strong><\/p>\n\n\n\n<div style=\"height:32px\" aria-hidden=\"true\" class=\"wp-block-spacer\"><\/div>\n\n\n<div id=\"custom-buttons-block_cb815d06befc7757551efe152125b7a9\" data-id=\"custom-buttons-block_cb815d06befc7757551efe152125b7a9\" class=\"gt-block custom-buttons wp-block-buttons\">\n                <a href=\"https:\/\/www.drfg.cz\/wp-content\/uploads\/2016\/02\/Eticky%CC%81-kodex-DRFG-2018.pdf\"\n        title=\"Etick\u00fd k\u00f3dex\"\n        class=\"btn btn--download\"\n                    target=\"_blank\"\n            >\n        Etick\u00fd k\u00f3dex<i class=\"plus\"><\/i><svg data-name=\"Group 3371\" xmlns=\"http:\/\/www.w3.org\/2000\/svg\" width=\"24\" height=\"24\" viewBox=\"0 0 24 24\"><path data-name=\"Path 925\" d=\"M0,0H24V24H0Z\" fill=\"none\"\/><path data-name=\"Path 926\" d=\"M4,17v2a2,2,0,0,0,2,2H18a2,2,0,0,0,2-2V17\" fill=\"none\" stroke=\"#fff\" stroke-linecap=\"round\" stroke-linejoin=\"round\" stroke-width=\"1\"\/><path data-name=\"Path 927\" d=\"M7,11l5,5,5-5\" fill=\"none\" stroke=\"#fff\" stroke-linecap=\"round\" stroke-linejoin=\"round\" stroke-width=\"1\"\/><line data-name=\"Line 89\" y2=\"12\" transform=\"translate(12 4)\" fill=\"none\" stroke=\"#fff\" stroke-linecap=\"round\" stroke-linejoin=\"round\" stroke-width=\"1\"\/><\/svg>\n    <\/a>\n    <\/div>\n","protected":false},"excerpt":{"rendered":"<p>\u00davod a\u00a0obsah DRFG Investment Group, a. s., podobne ako mnoh\u00e9 in\u00e9 organiz\u00e1cie, stoj\u00ed v&nbsp;centre spolo\u010dnosti a&nbsp;je jej pevnou s\u00fa\u010das\u0165ou. Dodr\u017eiavanie &#8230;<\/p>\n","protected":false},"author":14,"featured_media":0,"parent":0,"menu_order":0,"comment_status":"closed","ping_status":"closed","template":"","meta":{"inline_featured_image":false},"acf":[],"yoast_head":"<!-- This site is optimized with the Yoast SEO plugin v21.0 - https:\/\/yoast.com\/wordpress\/plugins\/seo\/ -->\n<title>Etick\u00fd k\u00f3dex - drfg.cz<\/title>\n<meta name=\"robots\" content=\"index, follow, max-snippet:-1, max-image-preview:large, max-video-preview:-1\" \/>\n<link rel=\"canonical\" href=\"https:\/\/www.drfg.cz\/sk\/eticky-kodex\/\" \/>\n<meta property=\"og:locale\" content=\"sk_SK\" \/>\n<meta property=\"og:type\" content=\"article\" \/>\n<meta property=\"og:title\" content=\"Etick\u00fd k\u00f3dex - drfg.cz\" \/>\n<meta property=\"og:description\" content=\"\u00davod a\u00a0obsah DRFG Investment Group, a. s., podobne ako mnoh\u00e9 in\u00e9 organiz\u00e1cie, stoj\u00ed v centre spolo\u010dnosti a je jej pevnou s\u00fa\u010das\u0165ou. Dodr\u017eiavanie ...\" \/>\n<meta property=\"og:url\" content=\"https:\/\/www.drfg.cz\/sk\/eticky-kodex\/\" \/>\n<meta property=\"og:site_name\" content=\"drfg.cz\" \/>\n<meta property=\"article:publisher\" content=\"https:\/\/www.facebook.com\/DRFGas\" \/>\n<meta property=\"article:modified_time\" content=\"2024-06-25T09:09:29+00:00\" \/>\n<meta name=\"twitter:card\" content=\"summary_large_image\" \/>\n<meta name=\"twitter:label1\" content=\"Predpokladan\u00fd \u010das \u010d\u00edtania\" \/>\n\t<meta name=\"twitter:data1\" content=\"2 min\u00faty\" \/>\n<script type=\"application\/ld+json\" class=\"yoast-schema-graph\">{\"@context\":\"https:\/\/schema.org\",\"@graph\":[{\"@type\":\"WebPage\",\"@id\":\"https:\/\/www.drfg.cz\/sk\/eticky-kodex\/\",\"url\":\"https:\/\/www.drfg.cz\/sk\/eticky-kodex\/\",\"name\":\"Etick\u00fd k\u00f3dex - drfg.cz\",\"isPartOf\":{\"@id\":\"https:\/\/www.drfg.cz\/sk\/#website\"},\"datePublished\":\"2022-08-08T11:45:22+00:00\",\"dateModified\":\"2024-06-25T09:09:29+00:00\",\"breadcrumb\":{\"@id\":\"https:\/\/www.drfg.cz\/sk\/eticky-kodex\/#breadcrumb\"},\"inLanguage\":\"sk-SK\",\"potentialAction\":[{\"@type\":\"ReadAction\",\"target\":[\"https:\/\/www.drfg.cz\/sk\/eticky-kodex\/\"]}]},{\"@type\":\"BreadcrumbList\",\"@id\":\"https:\/\/www.drfg.cz\/sk\/eticky-kodex\/#breadcrumb\",\"itemListElement\":[{\"@type\":\"ListItem\",\"position\":1,\"name\":\"Dom\u016f\",\"item\":\"https:\/\/www.drfg.cz\/sk\/\"},{\"@type\":\"ListItem\",\"position\":2,\"name\":\"Etick\u00fd k\u00f3dex\"}]},{\"@type\":\"WebSite\",\"@id\":\"https:\/\/www.drfg.cz\/sk\/#website\",\"url\":\"https:\/\/www.drfg.cz\/sk\/\",\"name\":\"drfg.cz\",\"description\":\"\",\"publisher\":{\"@id\":\"https:\/\/www.drfg.cz\/sk\/#organization\"},\"potentialAction\":[{\"@type\":\"SearchAction\",\"target\":{\"@type\":\"EntryPoint\",\"urlTemplate\":\"https:\/\/www.drfg.cz\/sk\/?s={search_term_string}\"},\"query-input\":\"required name=search_term_string\"}],\"inLanguage\":\"sk-SK\"},{\"@type\":\"Organization\",\"@id\":\"https:\/\/www.drfg.cz\/sk\/#organization\",\"name\":\"DRFG Investi\u010dn\u00ed skupina\",\"url\":\"https:\/\/www.drfg.cz\/sk\/\",\"logo\":{\"@type\":\"ImageObject\",\"inLanguage\":\"sk-SK\",\"@id\":\"https:\/\/www.drfg.cz\/sk\/#\/schema\/logo\/image\/\",\"url\":\"https:\/\/www.drfg.cz\/wp-content\/uploads\/2022\/08\/drfg-investicni-skupina-logo.jpg\",\"contentUrl\":\"https:\/\/www.drfg.cz\/wp-content\/uploads\/2022\/08\/drfg-investicni-skupina-logo.jpg\",\"width\":1200,\"height\":612,\"caption\":\"DRFG Investi\u010dn\u00ed skupina\"},\"image\":{\"@id\":\"https:\/\/www.drfg.cz\/sk\/#\/schema\/logo\/image\/\"},\"sameAs\":[\"https:\/\/www.facebook.com\/DRFGas\",\"https:\/\/www.youtube.com\/@investicniskupinadrfg4617\"]}]}<\/script>\n<!-- \/ Yoast SEO plugin. -->","yoast_head_json":{"title":"Etick\u00fd k\u00f3dex - drfg.cz","robots":{"index":"index","follow":"follow","max-snippet":"max-snippet:-1","max-image-preview":"max-image-preview:large","max-video-preview":"max-video-preview:-1"},"canonical":"https:\/\/www.drfg.cz\/sk\/eticky-kodex\/","og_locale":"sk_SK","og_type":"article","og_title":"Etick\u00fd k\u00f3dex - drfg.cz","og_description":"\u00davod a\u00a0obsah DRFG Investment Group, a. s., podobne ako mnoh\u00e9 in\u00e9 organiz\u00e1cie, stoj\u00ed v centre spolo\u010dnosti a je jej pevnou s\u00fa\u010das\u0165ou. Dodr\u017eiavanie ...","og_url":"https:\/\/www.drfg.cz\/sk\/eticky-kodex\/","og_site_name":"drfg.cz","article_publisher":"https:\/\/www.facebook.com\/DRFGas","article_modified_time":"2024-06-25T09:09:29+00:00","twitter_card":"summary_large_image","twitter_misc":{"Predpokladan\u00fd \u010das \u010d\u00edtania":"2 min\u00faty"},"schema":{"@context":"https:\/\/schema.org","@graph":[{"@type":"WebPage","@id":"https:\/\/www.drfg.cz\/sk\/eticky-kodex\/","url":"https:\/\/www.drfg.cz\/sk\/eticky-kodex\/","name":"Etick\u00fd k\u00f3dex - drfg.cz","isPartOf":{"@id":"https:\/\/www.drfg.cz\/sk\/#website"},"datePublished":"2022-08-08T11:45:22+00:00","dateModified":"2024-06-25T09:09:29+00:00","breadcrumb":{"@id":"https:\/\/www.drfg.cz\/sk\/eticky-kodex\/#breadcrumb"},"inLanguage":"sk-SK","potentialAction":[{"@type":"ReadAction","target":["https:\/\/www.drfg.cz\/sk\/eticky-kodex\/"]}]},{"@type":"BreadcrumbList","@id":"https:\/\/www.drfg.cz\/sk\/eticky-kodex\/#breadcrumb","itemListElement":[{"@type":"ListItem","position":1,"name":"Dom\u016f","item":"https:\/\/www.drfg.cz\/sk\/"},{"@type":"ListItem","position":2,"name":"Etick\u00fd k\u00f3dex"}]},{"@type":"WebSite","@id":"https:\/\/www.drfg.cz\/sk\/#website","url":"https:\/\/www.drfg.cz\/sk\/","name":"drfg.cz","description":"","publisher":{"@id":"https:\/\/www.drfg.cz\/sk\/#organization"},"potentialAction":[{"@type":"SearchAction","target":{"@type":"EntryPoint","urlTemplate":"https:\/\/www.drfg.cz\/sk\/?s={search_term_string}"},"query-input":"required name=search_term_string"}],"inLanguage":"sk-SK"},{"@type":"Organization","@id":"https:\/\/www.drfg.cz\/sk\/#organization","name":"DRFG Investi\u010dn\u00ed skupina","url":"https:\/\/www.drfg.cz\/sk\/","logo":{"@type":"ImageObject","inLanguage":"sk-SK","@id":"https:\/\/www.drfg.cz\/sk\/#\/schema\/logo\/image\/","url":"https:\/\/www.drfg.cz\/wp-content\/uploads\/2022\/08\/drfg-investicni-skupina-logo.jpg","contentUrl":"https:\/\/www.drfg.cz\/wp-content\/uploads\/2022\/08\/drfg-investicni-skupina-logo.jpg","width":1200,"height":612,"caption":"DRFG Investi\u010dn\u00ed skupina"},"image":{"@id":"https:\/\/www.drfg.cz\/sk\/#\/schema\/logo\/image\/"},"sameAs":["https:\/\/www.facebook.com\/DRFGas","https:\/\/www.youtube.com\/@investicniskupinadrfg4617"]}]}},"_links":{"self":[{"href":"https:\/\/www.drfg.cz\/sk\/wp-json\/wp\/v2\/pages\/20636"}],"collection":[{"href":"https:\/\/www.drfg.cz\/sk\/wp-json\/wp\/v2\/pages"}],"about":[{"href":"https:\/\/www.drfg.cz\/sk\/wp-json\/wp\/v2\/types\/page"}],"author":[{"embeddable":true,"href":"https:\/\/www.drfg.cz\/sk\/wp-json\/wp\/v2\/users\/14"}],"replies":[{"embeddable":true,"href":"https:\/\/www.drfg.cz\/sk\/wp-json\/wp\/v2\/comments?post=20636"}],"version-history":[{"count":12,"href":"https:\/\/www.drfg.cz\/sk\/wp-json\/wp\/v2\/pages\/20636\/revisions"}],"predecessor-version":[{"id":21428,"href":"https:\/\/www.drfg.cz\/sk\/wp-json\/wp\/v2\/pages\/20636\/revisions\/21428"}],"wp:attachment":[{"href":"https:\/\/www.drfg.cz\/sk\/wp-json\/wp\/v2\/media?parent=20636"}],"curies":[{"name":"wp","href":"https:\/\/api.w.org\/{rel}","templated":true}]}}