{"id":18519,"date":"2022-08-05T09:36:58","date_gmt":"2022-08-05T07:36:58","guid":{"rendered":"https:\/\/www.drfg.cz\/kariera\/"},"modified":"2024-05-10T13:42:59","modified_gmt":"2024-05-10T11:42:59","slug":"career","status":"publish","type":"page","link":"https:\/\/www.drfg.cz\/en\/career\/","title":{"rendered":"Career"},"content":{"rendered":"","protected":false},"excerpt":{"rendered":"","protected":false},"author":14,"featured_media":0,"parent":0,"menu_order":0,"comment_status":"closed","ping_status":"closed","template":"page-templates\/kariera.php","meta":{"inline_featured_image":false},"acf":[],"yoast_head":"<!-- This site is optimized with the Yoast SEO plugin v21.0 - https:\/\/yoast.com\/wordpress\/plugins\/seo\/ -->\n<title>Career - drfg.cz<\/title>\n<meta name=\"description\" content=\"Pod\u00edvejte se na p\u0159ehled nab\u00edzen\u00fdch pozic investi\u010dn\u00ed skupiny DRFG. Pracovn\u00ed p\u0159\u00edle\u017eitosti v r\u016fzn\u00fdch oborech nap\u0159\u00ed\u010d celou \u010cR i v zahrani\u010d\u00ed.\" \/>\n<meta name=\"robots\" content=\"index, follow, max-snippet:-1, max-image-preview:large, max-video-preview:-1\" \/>\n<link rel=\"canonical\" href=\"https:\/\/www.drfg.cz\/en\/career\/\" \/>\n<meta property=\"og:locale\" content=\"en_US\" \/>\n<meta property=\"og:type\" content=\"article\" \/>\n<meta property=\"og:title\" content=\"Career - drfg.cz\" \/>\n<meta property=\"og:description\" content=\"Pod\u00edvejte se na p\u0159ehled nab\u00edzen\u00fdch pozic investi\u010dn\u00ed skupiny DRFG. Pracovn\u00ed p\u0159\u00edle\u017eitosti v r\u016fzn\u00fdch oborech nap\u0159\u00ed\u010d celou \u010cR i v zahrani\u010d\u00ed.\" \/>\n<meta property=\"og:url\" content=\"https:\/\/www.drfg.cz\/en\/career\/\" \/>\n<meta property=\"og:site_name\" content=\"drfg.cz\" \/>\n<meta property=\"article:publisher\" content=\"https:\/\/www.facebook.com\/DRFGas\" \/>\n<meta property=\"article:modified_time\" content=\"2024-05-10T11:42:59+00:00\" \/>\n<meta name=\"twitter:card\" content=\"summary_large_image\" \/>\n<script type=\"application\/ld+json\" class=\"yoast-schema-graph\">{\"@context\":\"https:\/\/schema.org\",\"@graph\":[{\"@type\":\"WebPage\",\"@id\":\"https:\/\/www.drfg.cz\/en\/career\/\",\"url\":\"https:\/\/www.drfg.cz\/en\/career\/\",\"name\":\"Career - drfg.cz\",\"isPartOf\":{\"@id\":\"https:\/\/www.drfg.cz\/en\/#website\"},\"datePublished\":\"2022-08-05T07:36:58+00:00\",\"dateModified\":\"2024-05-10T11:42:59+00:00\",\"description\":\"Pod\u00edvejte se na p\u0159ehled nab\u00edzen\u00fdch pozic investi\u010dn\u00ed skupiny DRFG. Pracovn\u00ed p\u0159\u00edle\u017eitosti v r\u016fzn\u00fdch oborech nap\u0159\u00ed\u010d celou \u010cR i v zahrani\u010d\u00ed.\",\"breadcrumb\":{\"@id\":\"https:\/\/www.drfg.cz\/en\/career\/#breadcrumb\"},\"inLanguage\":\"en-US\",\"potentialAction\":[{\"@type\":\"ReadAction\",\"target\":[\"https:\/\/www.drfg.cz\/en\/career\/\"]}]},{\"@type\":\"BreadcrumbList\",\"@id\":\"https:\/\/www.drfg.cz\/en\/career\/#breadcrumb\",\"itemListElement\":[{\"@type\":\"ListItem\",\"position\":1,\"name\":\"Dom\u016f\",\"item\":\"https:\/\/www.drfg.cz\/en\/\"},{\"@type\":\"ListItem\",\"position\":2,\"name\":\"Career\"}]},{\"@type\":\"WebSite\",\"@id\":\"https:\/\/www.drfg.cz\/en\/#website\",\"url\":\"https:\/\/www.drfg.cz\/en\/\",\"name\":\"drfg.cz\",\"description\":\"\",\"publisher\":{\"@id\":\"https:\/\/www.drfg.cz\/en\/#organization\"},\"potentialAction\":[{\"@type\":\"SearchAction\",\"target\":{\"@type\":\"EntryPoint\",\"urlTemplate\":\"https:\/\/www.drfg.cz\/en\/?s={search_term_string}\"},\"query-input\":\"required name=search_term_string\"}],\"inLanguage\":\"en-US\"},{\"@type\":\"Organization\",\"@id\":\"https:\/\/www.drfg.cz\/en\/#organization\",\"name\":\"DRFG Investi\u010dn\u00ed skupina\",\"url\":\"https:\/\/www.drfg.cz\/en\/\",\"logo\":{\"@type\":\"ImageObject\",\"inLanguage\":\"en-US\",\"@id\":\"https:\/\/www.drfg.cz\/en\/#\/schema\/logo\/image\/\",\"url\":\"https:\/\/www.drfg.cz\/wp-content\/uploads\/2022\/08\/drfg-investicni-skupina-logo.jpg\",\"contentUrl\":\"https:\/\/www.drfg.cz\/wp-content\/uploads\/2022\/08\/drfg-investicni-skupina-logo.jpg\",\"width\":1200,\"height\":612,\"caption\":\"DRFG Investi\u010dn\u00ed skupina\"},\"image\":{\"@id\":\"https:\/\/www.drfg.cz\/en\/#\/schema\/logo\/image\/\"},\"sameAs\":[\"https:\/\/www.facebook.com\/DRFGas\",\"https:\/\/www.youtube.com\/@investicniskupinadrfg4617\"]}]}<\/script>\n<!-- \/ Yoast SEO plugin. -->","yoast_head_json":{"title":"Career - drfg.cz","description":"Pod\u00edvejte se na p\u0159ehled nab\u00edzen\u00fdch pozic investi\u010dn\u00ed skupiny DRFG. Pracovn\u00ed p\u0159\u00edle\u017eitosti v r\u016fzn\u00fdch oborech nap\u0159\u00ed\u010d celou \u010cR i v zahrani\u010d\u00ed.","robots":{"index":"index","follow":"follow","max-snippet":"max-snippet:-1","max-image-preview":"max-image-preview:large","max-video-preview":"max-video-preview:-1"},"canonical":"https:\/\/www.drfg.cz\/en\/career\/","og_locale":"en_US","og_type":"article","og_title":"Career - drfg.cz","og_description":"Pod\u00edvejte se na p\u0159ehled nab\u00edzen\u00fdch pozic investi\u010dn\u00ed skupiny DRFG. Pracovn\u00ed p\u0159\u00edle\u017eitosti v r\u016fzn\u00fdch oborech nap\u0159\u00ed\u010d celou \u010cR i v zahrani\u010d\u00ed.","og_url":"https:\/\/www.drfg.cz\/en\/career\/","og_site_name":"drfg.cz","article_publisher":"https:\/\/www.facebook.com\/DRFGas","article_modified_time":"2024-05-10T11:42:59+00:00","twitter_card":"summary_large_image","schema":{"@context":"https:\/\/schema.org","@graph":[{"@type":"WebPage","@id":"https:\/\/www.drfg.cz\/en\/career\/","url":"https:\/\/www.drfg.cz\/en\/career\/","name":"Career - drfg.cz","isPartOf":{"@id":"https:\/\/www.drfg.cz\/en\/#website"},"datePublished":"2022-08-05T07:36:58+00:00","dateModified":"2024-05-10T11:42:59+00:00","description":"Pod\u00edvejte se na p\u0159ehled nab\u00edzen\u00fdch pozic investi\u010dn\u00ed skupiny DRFG. Pracovn\u00ed p\u0159\u00edle\u017eitosti v r\u016fzn\u00fdch oborech nap\u0159\u00ed\u010d celou \u010cR i v zahrani\u010d\u00ed.","breadcrumb":{"@id":"https:\/\/www.drfg.cz\/en\/career\/#breadcrumb"},"inLanguage":"en-US","potentialAction":[{"@type":"ReadAction","target":["https:\/\/www.drfg.cz\/en\/career\/"]}]},{"@type":"BreadcrumbList","@id":"https:\/\/www.drfg.cz\/en\/career\/#breadcrumb","itemListElement":[{"@type":"ListItem","position":1,"name":"Dom\u016f","item":"https:\/\/www.drfg.cz\/en\/"},{"@type":"ListItem","position":2,"name":"Career"}]},{"@type":"WebSite","@id":"https:\/\/www.drfg.cz\/en\/#website","url":"https:\/\/www.drfg.cz\/en\/","name":"drfg.cz","description":"","publisher":{"@id":"https:\/\/www.drfg.cz\/en\/#organization"},"potentialAction":[{"@type":"SearchAction","target":{"@type":"EntryPoint","urlTemplate":"https:\/\/www.drfg.cz\/en\/?s={search_term_string}"},"query-input":"required name=search_term_string"}],"inLanguage":"en-US"},{"@type":"Organization","@id":"https:\/\/www.drfg.cz\/en\/#organization","name":"DRFG Investi\u010dn\u00ed skupina","url":"https:\/\/www.drfg.cz\/en\/","logo":{"@type":"ImageObject","inLanguage":"en-US","@id":"https:\/\/www.drfg.cz\/en\/#\/schema\/logo\/image\/","url":"https:\/\/www.drfg.cz\/wp-content\/uploads\/2022\/08\/drfg-investicni-skupina-logo.jpg","contentUrl":"https:\/\/www.drfg.cz\/wp-content\/uploads\/2022\/08\/drfg-investicni-skupina-logo.jpg","width":1200,"height":612,"caption":"DRFG Investi\u010dn\u00ed skupina"},"image":{"@id":"https:\/\/www.drfg.cz\/en\/#\/schema\/logo\/image\/"},"sameAs":["https:\/\/www.facebook.com\/DRFGas","https:\/\/www.youtube.com\/@investicniskupinadrfg4617"]}]}},"_links":{"self":[{"href":"https:\/\/www.drfg.cz\/en\/wp-json\/wp\/v2\/pages\/18519"}],"collection":[{"href":"https:\/\/www.drfg.cz\/en\/wp-json\/wp\/v2\/pages"}],"about":[{"href":"https:\/\/www.drfg.cz\/en\/wp-json\/wp\/v2\/types\/page"}],"author":[{"embeddable":true,"href":"https:\/\/www.drfg.cz\/en\/wp-json\/wp\/v2\/users\/14"}],"replies":[{"embeddable":true,"href":"https:\/\/www.drfg.cz\/en\/wp-json\/wp\/v2\/comments?post=18519"}],"version-history":[{"count":6,"href":"https:\/\/www.drfg.cz\/en\/wp-json\/wp\/v2\/pages\/18519\/revisions"}],"predecessor-version":[{"id":20376,"href":"https:\/\/www.drfg.cz\/en\/wp-json\/wp\/v2\/pages\/18519\/revisions\/20376"}],"wp:attachment":[{"href":"https:\/\/www.drfg.cz\/en\/wp-json\/wp\/v2\/media?parent=18519"}],"curies":[{"name":"wp","href":"https:\/\/api.w.org\/{rel}","templated":true}]}}