{"id":18514,"date":"2022-08-15T14:26:22","date_gmt":"2022-08-15T12:26:22","guid":{"rendered":"https:\/\/www.drfg.cz\/spoluprace-a-partnerstvi\/"},"modified":"2023-08-20T16:26:04","modified_gmt":"2023-08-20T14:26:04","slug":"drfg-foundation","status":"publish","type":"page","link":"https:\/\/www.drfg.cz\/en\/drfg-foundation\/","title":{"rendered":"DRFG Foundation"},"content":{"rendered":"","protected":false},"excerpt":{"rendered":"","protected":false},"author":10,"featured_media":0,"parent":0,"menu_order":0,"comment_status":"closed","ping_status":"closed","template":"page-templates\/spolupracujeme.php","meta":{"inline_featured_image":false},"acf":[],"yoast_head":"<!-- This site is optimized with the Yoast SEO plugin v21.0 - https:\/\/yoast.com\/wordpress\/plugins\/seo\/ -->\n<title>DRFG Foundation - drfg.cz<\/title>\n<meta name=\"description\" content=\"Proto\u017ee si uv\u011bdomujeme, \u017ee mnoz\u00ed maj\u00ed cestu k \u017eivotn\u00edmu \u0161t\u011bst\u00ed slo\u017eit\u011bj\u0161\u00ed ne\u017e v\u011bt\u0161ina z n\u00e1s, zalo\u017eili jsme Nadaci DRFG. P\u0159e\u010dt\u011bte si o n\u00ed.\" \/>\n<meta name=\"robots\" content=\"index, follow, max-snippet:-1, max-image-preview:large, max-video-preview:-1\" \/>\n<link rel=\"canonical\" href=\"https:\/\/www.drfg.cz\/en\/drfg-foundation\/\" \/>\n<meta property=\"og:locale\" content=\"en_US\" \/>\n<meta property=\"og:type\" content=\"article\" \/>\n<meta property=\"og:title\" content=\"DRFG Foundation - drfg.cz\" \/>\n<meta property=\"og:description\" content=\"Proto\u017ee si uv\u011bdomujeme, \u017ee mnoz\u00ed maj\u00ed cestu k \u017eivotn\u00edmu \u0161t\u011bst\u00ed slo\u017eit\u011bj\u0161\u00ed ne\u017e v\u011bt\u0161ina z n\u00e1s, zalo\u017eili jsme Nadaci DRFG. P\u0159e\u010dt\u011bte si o n\u00ed.\" \/>\n<meta property=\"og:url\" content=\"https:\/\/www.drfg.cz\/en\/drfg-foundation\/\" \/>\n<meta property=\"og:site_name\" content=\"drfg.cz\" \/>\n<meta property=\"article:publisher\" content=\"https:\/\/www.facebook.com\/DRFGas\" \/>\n<meta property=\"article:modified_time\" content=\"2023-08-20T14:26:04+00:00\" \/>\n<meta name=\"twitter:card\" content=\"summary_large_image\" \/>\n<script type=\"application\/ld+json\" class=\"yoast-schema-graph\">{\"@context\":\"https:\/\/schema.org\",\"@graph\":[{\"@type\":\"WebPage\",\"@id\":\"https:\/\/www.drfg.cz\/en\/drfg-foundation\/\",\"url\":\"https:\/\/www.drfg.cz\/en\/drfg-foundation\/\",\"name\":\"DRFG Foundation - drfg.cz\",\"isPartOf\":{\"@id\":\"https:\/\/www.drfg.cz\/en\/#website\"},\"datePublished\":\"2022-08-15T12:26:22+00:00\",\"dateModified\":\"2023-08-20T14:26:04+00:00\",\"description\":\"Proto\u017ee si uv\u011bdomujeme, \u017ee mnoz\u00ed maj\u00ed cestu k \u017eivotn\u00edmu \u0161t\u011bst\u00ed slo\u017eit\u011bj\u0161\u00ed ne\u017e v\u011bt\u0161ina z n\u00e1s, zalo\u017eili jsme Nadaci DRFG. P\u0159e\u010dt\u011bte si o n\u00ed.\",\"breadcrumb\":{\"@id\":\"https:\/\/www.drfg.cz\/en\/drfg-foundation\/#breadcrumb\"},\"inLanguage\":\"en-US\",\"potentialAction\":[{\"@type\":\"ReadAction\",\"target\":[\"https:\/\/www.drfg.cz\/en\/drfg-foundation\/\"]}]},{\"@type\":\"BreadcrumbList\",\"@id\":\"https:\/\/www.drfg.cz\/en\/drfg-foundation\/#breadcrumb\",\"itemListElement\":[{\"@type\":\"ListItem\",\"position\":1,\"name\":\"Dom\u016f\",\"item\":\"https:\/\/www.drfg.cz\/en\/\"},{\"@type\":\"ListItem\",\"position\":2,\"name\":\"DRFG Foundation\"}]},{\"@type\":\"WebSite\",\"@id\":\"https:\/\/www.drfg.cz\/en\/#website\",\"url\":\"https:\/\/www.drfg.cz\/en\/\",\"name\":\"drfg.cz\",\"description\":\"\",\"publisher\":{\"@id\":\"https:\/\/www.drfg.cz\/en\/#organization\"},\"potentialAction\":[{\"@type\":\"SearchAction\",\"target\":{\"@type\":\"EntryPoint\",\"urlTemplate\":\"https:\/\/www.drfg.cz\/en\/?s={search_term_string}\"},\"query-input\":\"required name=search_term_string\"}],\"inLanguage\":\"en-US\"},{\"@type\":\"Organization\",\"@id\":\"https:\/\/www.drfg.cz\/en\/#organization\",\"name\":\"DRFG Investi\u010dn\u00ed skupina\",\"url\":\"https:\/\/www.drfg.cz\/en\/\",\"logo\":{\"@type\":\"ImageObject\",\"inLanguage\":\"en-US\",\"@id\":\"https:\/\/www.drfg.cz\/en\/#\/schema\/logo\/image\/\",\"url\":\"https:\/\/www.drfg.cz\/wp-content\/uploads\/2022\/08\/drfg-investicni-skupina-logo.jpg\",\"contentUrl\":\"https:\/\/www.drfg.cz\/wp-content\/uploads\/2022\/08\/drfg-investicni-skupina-logo.jpg\",\"width\":1200,\"height\":612,\"caption\":\"DRFG Investi\u010dn\u00ed skupina\"},\"image\":{\"@id\":\"https:\/\/www.drfg.cz\/en\/#\/schema\/logo\/image\/\"},\"sameAs\":[\"https:\/\/www.facebook.com\/DRFGas\",\"https:\/\/www.youtube.com\/@investicniskupinadrfg4617\"]}]}<\/script>\n<!-- \/ Yoast SEO plugin. -->","yoast_head_json":{"title":"DRFG Foundation - drfg.cz","description":"Proto\u017ee si uv\u011bdomujeme, \u017ee mnoz\u00ed maj\u00ed cestu k \u017eivotn\u00edmu \u0161t\u011bst\u00ed slo\u017eit\u011bj\u0161\u00ed ne\u017e v\u011bt\u0161ina z n\u00e1s, zalo\u017eili jsme Nadaci DRFG. P\u0159e\u010dt\u011bte si o n\u00ed.","robots":{"index":"index","follow":"follow","max-snippet":"max-snippet:-1","max-image-preview":"max-image-preview:large","max-video-preview":"max-video-preview:-1"},"canonical":"https:\/\/www.drfg.cz\/en\/drfg-foundation\/","og_locale":"en_US","og_type":"article","og_title":"DRFG Foundation - drfg.cz","og_description":"Proto\u017ee si uv\u011bdomujeme, \u017ee mnoz\u00ed maj\u00ed cestu k \u017eivotn\u00edmu \u0161t\u011bst\u00ed slo\u017eit\u011bj\u0161\u00ed ne\u017e v\u011bt\u0161ina z n\u00e1s, zalo\u017eili jsme Nadaci DRFG. P\u0159e\u010dt\u011bte si o n\u00ed.","og_url":"https:\/\/www.drfg.cz\/en\/drfg-foundation\/","og_site_name":"drfg.cz","article_publisher":"https:\/\/www.facebook.com\/DRFGas","article_modified_time":"2023-08-20T14:26:04+00:00","twitter_card":"summary_large_image","schema":{"@context":"https:\/\/schema.org","@graph":[{"@type":"WebPage","@id":"https:\/\/www.drfg.cz\/en\/drfg-foundation\/","url":"https:\/\/www.drfg.cz\/en\/drfg-foundation\/","name":"DRFG Foundation - drfg.cz","isPartOf":{"@id":"https:\/\/www.drfg.cz\/en\/#website"},"datePublished":"2022-08-15T12:26:22+00:00","dateModified":"2023-08-20T14:26:04+00:00","description":"Proto\u017ee si uv\u011bdomujeme, \u017ee mnoz\u00ed maj\u00ed cestu k \u017eivotn\u00edmu \u0161t\u011bst\u00ed slo\u017eit\u011bj\u0161\u00ed ne\u017e v\u011bt\u0161ina z n\u00e1s, zalo\u017eili jsme Nadaci DRFG. P\u0159e\u010dt\u011bte si o n\u00ed.","breadcrumb":{"@id":"https:\/\/www.drfg.cz\/en\/drfg-foundation\/#breadcrumb"},"inLanguage":"en-US","potentialAction":[{"@type":"ReadAction","target":["https:\/\/www.drfg.cz\/en\/drfg-foundation\/"]}]},{"@type":"BreadcrumbList","@id":"https:\/\/www.drfg.cz\/en\/drfg-foundation\/#breadcrumb","itemListElement":[{"@type":"ListItem","position":1,"name":"Dom\u016f","item":"https:\/\/www.drfg.cz\/en\/"},{"@type":"ListItem","position":2,"name":"DRFG Foundation"}]},{"@type":"WebSite","@id":"https:\/\/www.drfg.cz\/en\/#website","url":"https:\/\/www.drfg.cz\/en\/","name":"drfg.cz","description":"","publisher":{"@id":"https:\/\/www.drfg.cz\/en\/#organization"},"potentialAction":[{"@type":"SearchAction","target":{"@type":"EntryPoint","urlTemplate":"https:\/\/www.drfg.cz\/en\/?s={search_term_string}"},"query-input":"required name=search_term_string"}],"inLanguage":"en-US"},{"@type":"Organization","@id":"https:\/\/www.drfg.cz\/en\/#organization","name":"DRFG Investi\u010dn\u00ed skupina","url":"https:\/\/www.drfg.cz\/en\/","logo":{"@type":"ImageObject","inLanguage":"en-US","@id":"https:\/\/www.drfg.cz\/en\/#\/schema\/logo\/image\/","url":"https:\/\/www.drfg.cz\/wp-content\/uploads\/2022\/08\/drfg-investicni-skupina-logo.jpg","contentUrl":"https:\/\/www.drfg.cz\/wp-content\/uploads\/2022\/08\/drfg-investicni-skupina-logo.jpg","width":1200,"height":612,"caption":"DRFG Investi\u010dn\u00ed skupina"},"image":{"@id":"https:\/\/www.drfg.cz\/en\/#\/schema\/logo\/image\/"},"sameAs":["https:\/\/www.facebook.com\/DRFGas","https:\/\/www.youtube.com\/@investicniskupinadrfg4617"]}]}},"_links":{"self":[{"href":"https:\/\/www.drfg.cz\/en\/wp-json\/wp\/v2\/pages\/18514"}],"collection":[{"href":"https:\/\/www.drfg.cz\/en\/wp-json\/wp\/v2\/pages"}],"about":[{"href":"https:\/\/www.drfg.cz\/en\/wp-json\/wp\/v2\/types\/page"}],"author":[{"embeddable":true,"href":"https:\/\/www.drfg.cz\/en\/wp-json\/wp\/v2\/users\/10"}],"replies":[{"embeddable":true,"href":"https:\/\/www.drfg.cz\/en\/wp-json\/wp\/v2\/comments?post=18514"}],"version-history":[{"count":8,"href":"https:\/\/www.drfg.cz\/en\/wp-json\/wp\/v2\/pages\/18514\/revisions"}],"predecessor-version":[{"id":18787,"href":"https:\/\/www.drfg.cz\/en\/wp-json\/wp\/v2\/pages\/18514\/revisions\/18787"}],"wp:attachment":[{"href":"https:\/\/www.drfg.cz\/en\/wp-json\/wp\/v2\/media?parent=18514"}],"curies":[{"name":"wp","href":"https:\/\/api.w.org\/{rel}","templated":true}]}}